{"id":5,"date":"2013-01-23T12:59:26","date_gmt":"2013-01-23T12:59:26","guid":{"rendered":"http:\/\/pinozvok.partizanska.net\/?page_id=5"},"modified":"2022-01-14T15:55:00","modified_gmt":"2022-01-14T15:55:00","slug":"domov","status":"publish","type":"page","link":"https:\/\/www.pinozvok.modri.net\/","title":{"rendered":"Domov"},"content":{"rendered":"<blockquote>\n<h2 style=\"padding-left: 30px; text-align: center;\"><span style=\"color: #0000ff;\"><strong><em><img loading=\"lazy\" decoding=\"async\" class=\"wp-image-399 aligncenter\" src=\"http:\/\/www.pinozvok.modri.net\/wp-content\/uploads\/2022\/01\/Mariana-Napolitani-2-1024x585.gif\" alt=\"\" width=\"1081\" height=\"618\" srcset=\"https:\/\/www.pinozvok.modri.net\/wp-content\/uploads\/2022\/01\/Mariana-Napolitani-2-1024x585.gif 1024w, https:\/\/www.pinozvok.modri.net\/wp-content\/uploads\/2022\/01\/Mariana-Napolitani-2-300x171.gif 300w, https:\/\/www.pinozvok.modri.net\/wp-content\/uploads\/2022\/01\/Mariana-Napolitani-2-768x439.gif 768w, https:\/\/www.pinozvok.modri.net\/wp-content\/uploads\/2022\/01\/Mariana-Napolitani-2-150x86.gif 150w, https:\/\/www.pinozvok.modri.net\/wp-content\/uploads\/2022\/01\/Mariana-Napolitani-2-250x143.gif 250w\" sizes=\"auto, (max-width: 1081px) 100vw, 1081px\" \/><\/em><\/strong><\/span><\/h2>\n<h2 style=\"padding-left: 30px; text-align: center;\"><span style=\"color: #0000ff;\"><span style=\"color: #000000;\"><em>Veseli nas, da smo kljub temu, da sta bili zadnji dve leti kulturi, koncertom in prireditveni dejavnosti izrazito neprijazni, delali dobro in sorazmerno veliko. Z nami so sodelovali simfoni\u010dni orkester Cantabile, Vlado Kreslin in Policijski orkester, Pihalni orkester Logatec in Oto Pestner, PZ Adoramus in Gal Gjurin, Ditka, Zoran Predin, Anika Horvat, Tinkara Kova\u010d, Janez \u0160kof, Bo\u0161tjan Gomba\u010d, Anja \u0160tefan, Janez Dov\u010d, PZ Musica Viva, oktet Simon Gregor\u010di\u010d, Ur\u0161ula Ramove\u0161 in Fantje z Jazbecove grape, glasbena \u0161ola Logatec ob festivalu Veris, orkestri na 40. festivalu tambura\u0161ev in mandolinistov Slovenije, PO Tolmin, PO Cerkno, Kvatropirci &#8230;<\/em><\/span><\/span><\/h2>\n<p style=\"text-align: center;\"><span style=\"color: #ff0000;\"><a style=\"color: #ff0000;\" href=\"http:\/\/www.pinozvok.modri.net\/?page_id=146\"><strong><em>( glej Foto arhiv )<\/em><\/strong><\/a><\/span><\/p>\n<h2 style=\"text-align: center;\"><span style=\"color: #000000;\"><strong><em>S temi dobrimi vtisi in sodelovanji se podajamo v prihodnost z opitimizmom in se veselimo prihajajo\u010de poletne koncertne sezone s katero bomo proslavili konec koronskih \u010dasov.<\/em><\/strong><\/span><\/h2>\n<h2 style=\"text-align: center;\"><span style=\"color: #000000;\"><strong><em>( Matja\u017e Slabe, januar 2022 )<\/em><\/strong><\/span><\/h2>\n<p style=\"text-align: center;\"><em><strong>Na\u0161e delo z ozvo\u010denjem \u017ee od leta 1994 sledi potrebam in \u017eeljam izvajalcev vseh glasbenih in drugih zvrsti. Mnenja smo, da vsak umetnik, ki vlaga trud v svoje izvajalsko delo, zaslu\u017ei na nastopu kvaliteten zvok.\u00a0<\/strong><\/em><\/p>\n<p style=\"text-align: center;\"><em><strong>\u00a0<\/strong><\/em><em><strong>Verjamemo, da je na\u0161 zvok razlog, da se veliko glasbenikov, ustvarjalcev in organizatorjev \u017ee dolga leta odlo\u010da prav za nas. \u00a0<\/strong><\/em><\/p>\n<p style=\"text-align: center;\"><strong>Zgodba mojega glasbenega udejstvovanja se je za\u010dela ob zaklju\u010dku \u0161tudija in vstopu v poklic glasbenega u\u010ditelja leta 1986. Od takrat sem deloval, najprej kot glasbenik, kasneje pa vse bolj tudi na podro\u010dju oblikovanja in snemanja zvoka na prireditvah.<\/strong><\/p>\n<p><span style=\"color: #000000;\"><b>Vpra\u0161alnik za informativno ponudbo najdete v zavihku Kontakt in reference.<\/b><\/span><\/p>\n<p style=\"text-align: center;\"><strong>Matja\u017e Slabe<\/strong><\/p>\n<p><!--more--><\/p><\/blockquote>\n","protected":false},"excerpt":{"rendered":"<p>Veseli nas, da smo kljub temu, da sta bili zadnji dve leti kulturi, koncertom in prireditveni dejavnosti izrazito neprijazni, delali dobro in sorazmerno veliko. Z nami so sodelovali simfoni\u010dni orkester Cantabile, Vlado Kreslin in Policijski orkester, Pihalni orkester Logatec in Oto Pestner,<\/p>\n<p class=\"link-more\"><a class=\"myButt \" href=\"https:\/\/www.pinozvok.modri.net\/\">Read More<\/a><\/p>\n","protected":false},"author":2,"featured_media":0,"parent":0,"menu_order":1,"comment_status":"closed","ping_status":"closed","template":"","meta":{"footnotes":""},"class_list":["post-5","page","type-page","status-publish","hentry"],"jetpack_sharing_enabled":true,"_links":{"self":[{"href":"https:\/\/www.pinozvok.modri.net\/index.php?rest_route=\/wp\/v2\/pages\/5","targetHints":{"allow":["GET"]}}],"collection":[{"href":"https:\/\/www.pinozvok.modri.net\/index.php?rest_route=\/wp\/v2\/pages"}],"about":[{"href":"https:\/\/www.pinozvok.modri.net\/index.php?rest_route=\/wp\/v2\/types\/page"}],"author":[{"embeddable":true,"href":"https:\/\/www.pinozvok.modri.net\/index.php?rest_route=\/wp\/v2\/users\/2"}],"replies":[{"embeddable":true,"href":"https:\/\/www.pinozvok.modri.net\/index.php?rest_route=%2Fwp%2Fv2%2Fcomments&post=5"}],"version-history":[{"count":52,"href":"https:\/\/www.pinozvok.modri.net\/index.php?rest_route=\/wp\/v2\/pages\/5\/revisions"}],"predecessor-version":[{"id":498,"href":"https:\/\/www.pinozvok.modri.net\/index.php?rest_route=\/wp\/v2\/pages\/5\/revisions\/498"}],"wp:attachment":[{"href":"https:\/\/www.pinozvok.modri.net\/index.php?rest_route=%2Fwp%2Fv2%2Fmedia&parent=5"}],"curies":[{"name":"wp","href":"https:\/\/api.w.org\/{rel}","templated":true}]}}