{"id":37,"date":"2013-03-07T15:06:12","date_gmt":"2013-03-07T15:06:12","guid":{"rendered":"http:\/\/pinozvok.partizanska.net\/?page_id=37"},"modified":"2022-01-14T16:37:38","modified_gmt":"2022-01-14T16:37:38","slug":"kontakt","status":"publish","type":"page","link":"https:\/\/www.pinozvok.modri.net\/?page_id=37","title":{"rendered":"Kontakt in reference"},"content":{"rendered":"<p style=\"text-align: center;\"><strong>pinozvok@gmail.com<\/strong><\/p>\n<p style=\"text-align: center;\"><strong>Tukaj lahko izpolnite vpra\u0161alnik za <a href=\"https:\/\/goo.gl\/forms\/pPUlsmPzm8chOX8W2\">informativno povpra\u0161evanje.<\/a><\/strong><\/p>\n<p style=\"text-align: center;\"><strong>Matja\u017e Slabe\u00a0 +386 41 64 33 11<\/strong><\/p>\n<table border=\"2\" width=\"685\" cellspacing=\"0\" cellpadding=\"8\">\n<tbody>\n<tr>\n<td width=\"667\"><span style=\"font-family: Verdana, sans-serif;\"><span style=\"font-size: medium;\"><span style=\"color: #0000ff;\"><u><strong><span style=\"color: #000000;\">Ajdov\u0161\u010dina<\/span><\/strong>\u00a0<\/u><\/span>&#8211; prireditve Veseli december, Kud Trilek Col, MePZ Duri, 25. obletnica dru\u017ebe Pipistrel<\/span><\/span><\/td>\n<\/tr>\n<tr>\n<td bgcolor=\"#d2dbe3\" width=\"667\"><span style=\"font-family: Verdana, sans-serif;\"><span style=\"font-size: medium;\"><span style=\"color: #000000;\"><b><u>Bled<\/u><\/b><\/span> &#8211; prireditve ob vesla\u0161ki regati, koncerti v Festivalni dvorani, Triatlon Bled<\/span><\/span><\/td>\n<\/tr>\n<tr>\n<td width=\"667\"><span style=\"font-family: Verdana, sans-serif;\"><span style=\"font-size: medium;\"><span style=\"color: #000000;\"><b><u>Bohinj\u00a0<\/u><\/b><\/span>&#8211; prireditve ob Kravjem balu, rock, pop in etno koncerti<\/span><\/span><\/td>\n<\/tr>\n<tr>\n<td bgcolor=\"#d2dbe3\" width=\"667\"><span style=\"font-family: Verdana, sans-serif;\"><span style=\"font-size: medium;\"><span style=\"color: #000000;\"><b><u>Bovec\u00a0<\/u><\/b><\/span>&#8211; ob\u010dinske prireditve s pevskimi zbori, folklorno skupino in glasbenimi gosti, KD Bovec, rock, pop in etno koncerti<\/span><\/span><\/td>\n<\/tr>\n<tr>\n<td bgcolor=\"#d2dbe3\" width=\"667\"><span style=\"font-family: Verdana, sans-serif;\"><span style=\"font-size: medium;\"><span style=\"color: #000000;\"><b><u>Cerklje na Gorenjskem\u00a0<\/u><\/b><\/span>\u2013 \u0161portne prireditve na RTC Krvavec<\/span><\/span><\/td>\n<\/tr>\n<tr>\n<td width=\"667\"><span style=\"font-family: Verdana, sans-serif;\"><span style=\"font-size: medium;\"><span style=\"color: #000000;\"><b><u>Cerknica\u00a0<\/u><\/b><\/span>&#8211; prireditve ob Karnevalu, rock in pop koncerti<\/span><\/span><\/td>\n<\/tr>\n<tr>\n<td bgcolor=\"#d2dbe3\" width=\"667\"><span style=\"font-family: Verdana, sans-serif;\"><span style=\"font-size: medium;\"><span style=\"color: #000000;\"><b><u>Cerkno\u00a0<\/u><\/b><\/span>&#8211; prireditve ob Laufariji, koncerti pihalnega orkestra, ob\u010dinske prireditve s pevskimi zbori, rock, pop in etno koncerti, \u0161portne prireditve na SC Cerkno<\/span><\/span><\/td>\n<\/tr>\n<tr>\n<td width=\"667\"><span style=\"font-family: Verdana, sans-serif;\"><span style=\"font-size: medium;\"><span style=\"color: #000000;\"><b><u>\u010crna na Koro\u0161kem\u00a0<\/u><\/b><\/span>&#8211; rock koncerti<\/span><\/span><\/td>\n<\/tr>\n<tr>\n<td bgcolor=\"#d2dbe3\" width=\"667\"><span style=\"text-decoration: underline; color: #0000ff;\"><span style=\"font-family: Verdana, sans-serif;\"><span style=\"font-size: medium;\"><span style=\"color: #000000;\"><b><u>\u010crnomelj\u00a0<\/u><\/b><\/span><\/span><\/span><\/span><span style=\"font-family: Verdana, sans-serif;\"><span style=\"font-size: medium;\">&#8211; tambura\u0161ki orkester KUD Dragatu\u0161<\/span><\/span><\/td>\n<\/tr>\n<tr>\n<td width=\"667\"><span style=\"font-family: Verdana, sans-serif;\"><span style=\"font-size: medium;\"><span style=\"color: #000000;\"><b><u>Gorenja vas &#8211; Poljane\u00a0<\/u><\/b><\/span>&#8211; ob\u010dinske prireditve s pevskimi zbori, folklorno skupino in glasbenimi gosti, pop in narodno-zabavni koncerti, \u0161olske prireditve, \u0161portne prireditve<\/span><\/span><\/td>\n<\/tr>\n<tr>\n<td bgcolor=\"#d2dbe3\" width=\"667\"><span style=\"font-family: Verdana, sans-serif;\"><span style=\"font-family: Verdana, sans-serif;\"><span style=\"font-size: medium;\"><span style=\"color: #000000;\"><b><u>Idrija\u00a0<\/u><\/b><\/span>&#8211; ob\u010dinske prireditve s pevskimi zbori, gledali\u0161kimi in glasbenimi gosti, otvoritve \u010cipkarskega festivala, rock, pop in etno koncerti, \u0161olske prireditve v gimnaziji, \u0161portne in kulturne prireditve v Modri dvorani<\/span><\/span><\/span><\/td>\n<\/tr>\n<tr>\n<td width=\"667\"><span style=\"font-family: Verdana, sans-serif;\"><span style=\"font-size: medium;\"><span style=\"color: #000000;\"><b><u>Ilirska Bistrica\u00a0<\/u><\/b><\/span>&#8211; rock in pop koncerti<\/span><\/span><\/td>\n<\/tr>\n<tr>\n<td bgcolor=\"#d2dbe3\" width=\"667\"><span style=\"text-decoration: underline; color: #0000ff;\"><span style=\"font-family: Verdana, sans-serif;\"><span style=\"font-size: medium;\"><span style=\"color: #000000;\"><b><u>Jesenice <\/u><\/b><\/span><\/span><\/span><\/span><span style=\"font-family: Verdana, sans-serif;\"><span style=\"font-size: medium;\">&#8211; \u0161portne prireditve, koncerti v gledali\u0161\u010du Toneta \u010cufarja<\/span><\/span><\/td>\n<\/tr>\n<tr>\n<td width=\"667\"><span style=\"font-family: Verdana, sans-serif;\"><span style=\"font-size: medium;\"><span style=\"color: #000000;\"><b><u>Kamnik\u00a0<\/u><\/b><\/span>&#8211; prireditve ob Dnevih narodnih no\u0161, prireditve v srednje\u0161olskem centru, rock, blues in etno koncerti<\/span><\/span><\/td>\n<\/tr>\n<tr>\n<td bgcolor=\"#d2dbe3\" width=\"667\"><span style=\"font-family: Verdana, sans-serif;\"><span style=\"font-size: medium;\"><span style=\"color: #000000;\"><b><u>Kanal\u00a0<\/u><\/b><\/span>&#8211;\u00a0<\/span><\/span><span style=\"font-family: Verdana, sans-serif;\"><span style=\"font-size: medium;\">rock koncerti<\/span><\/span><\/td>\n<\/tr>\n<tr>\n<td width=\"667\"><span style=\"text-decoration: underline; color: #0000ff;\"><span style=\"font-family: Verdana, sans-serif;\"><span style=\"font-size: medium;\"><span style=\"color: #000000;\"><b><u>Kobarid\u00a0<\/u><\/b><\/span><\/span><\/span><\/span><span style=\"font-family: Verdana, sans-serif;\"><span style=\"font-size: medium;\">&#8211; prireditve ob obletnici Kobari\u0161ke republike, rock koncerti, ob\u010dinske prireditve in koncerti<\/span><\/span><\/td>\n<\/tr>\n<tr>\n<td bgcolor=\"#d2dbe3\" width=\"667\"><span style=\"text-decoration: underline; color: #0000ff;\"><span style=\"font-family: Verdana, sans-serif;\"><span style=\"font-size: medium;\"><span style=\"color: #000000;\"><b><u>Komen\u00a0<\/u><\/b><\/span><\/span><\/span><\/span><span style=\"font-family: Verdana, sans-serif;\"><span style=\"font-size: medium;\">&#8211; rock koncerti<\/span><\/span><\/td>\n<\/tr>\n<tr>\n<td width=\"667\"><span style=\"font-family: Verdana, sans-serif;\"><span style=\"font-size: medium;\"><span style=\"text-decoration: underline; color: #0000ff;\"><span style=\"color: #000000;\"><b><u>Koper\u00a0<\/u><\/b><\/span><\/span>&#8211;\u00a0prireditve v okviru projekta Koprska no\u010d<\/span><\/span><\/td>\n<\/tr>\n<tr>\n<td bgcolor=\"#d2dbe3\" width=\"667\"><span style=\"font-family: Verdana, sans-serif;\"><span style=\"font-size: medium;\"><span style=\"text-decoration: underline; color: #0000ff;\"><span style=\"color: #000000;\"><b><u>Kranj\u00a0<\/u><\/b><\/span><\/span>&#8211; prireditve v okviru projekta Kranjska no\u010d, seminar Joga v vsakdanjem \u017eivljenju v dvorani Zlato polje, rock in pop koncerti, \u0161portne prireditve<\/span><\/span><\/td>\n<\/tr>\n<tr>\n<td width=\"667\"><span style=\"font-family: Verdana, sans-serif;\"><span style=\"font-size: medium;\"><span style=\"text-decoration: underline; color: #0000ff;\"><span style=\"color: #000000;\"><b><u>Kranjska Gora\u00a0<\/u><\/b><\/span><\/span>&#8211; pop in narodno-zabavni koncerti<\/span><\/span><\/td>\n<\/tr>\n<tr>\n<td bgcolor=\"#d2dbe3\" width=\"667\"><span style=\"text-decoration: underline; color: #0000ff;\"><span style=\"font-family: Verdana, sans-serif;\"><span style=\"font-size: medium;\"><span style=\"color: #000000;\"><b><u>Litija <\/u><\/b><\/span><\/span><\/span><\/span><span style=\"font-family: Verdana, sans-serif;\"><span style=\"font-size: medium;\">&#8211; prireditve v srednje\u0161olskem centru, rock koncerti<\/span><\/span><\/td>\n<\/tr>\n<tr>\n<td width=\"667\"><span style=\"font-family: Verdana, sans-serif;\"><span style=\"font-size: medium;\"><span style=\"color: #000000;\"><b><u>Ljubljana\u00a0<\/u><\/b><\/span>&#8211; prireditve na razli\u010dnih osnovnih in srednjih \u0161olah, koncerti v razli\u010dnih klubih in diskotekah<\/span><\/span><\/td>\n<\/tr>\n<tr>\n<td bgcolor=\"#d2dbe3\" width=\"667\"><span style=\"font-family: Verdana, sans-serif;\"><span style=\"font-size: medium;\"><span style=\"color: #000000;\"><b><u>Ljutomer\u00a0<\/u><\/b><\/span>&#8211; rock koncerti ob Gaj\u0161evskem jezeru<\/span><\/span><\/td>\n<\/tr>\n<tr>\n<td width=\"667\"><span style=\"text-decoration: underline; color: #0000ff;\"><span style=\"font-family: Verdana, sans-serif;\"><span style=\"font-size: medium;\"><span style=\"color: #000000;\"><b><u>Log &#8211; Dragomer\u00a0<\/u><\/b><\/span><\/span><\/span><\/span><span style=\"font-family: Verdana, sans-serif;\"><span style=\"font-size: medium;\">&#8211; \u0161portne prireditve na osnovni \u0161oli<\/span><\/span><\/td>\n<\/tr>\n<tr>\n<td bgcolor=\"#d2dbe3\" width=\"667\"><span style=\"font-family: Verdana, sans-serif;\"><span style=\"font-size: medium;\"><span style=\"text-decoration: underline; color: #0000ff;\"><span style=\"color: #000000;\"><b><u>Logatec\u00a0<\/u><\/b><\/span><\/span>&#8211; koncerti MePZ Notranjska, koncerti simfoni\u010dnega orkestra Cantabile z gosti, rock koncerti, \u0161portne prireditve<\/span><\/span><\/td>\n<\/tr>\n<tr>\n<td width=\"667\"><span style=\"font-family: Verdana, sans-serif;\"><span style=\"font-size: medium;\"><span style=\"color: #000000;\"><b><u>Maribor\u00a0<\/u><\/b><\/span>&#8211; prireditve za \u0161tudentsko organizacijo, \u0161portne prireditve, seminar Joga v vsakdanjem \u017eivljenju<\/span><\/span><\/td>\n<\/tr>\n<tr>\n<td bgcolor=\"#d2dbe3\" width=\"667\"><span style=\"font-family: Verdana, sans-serif;\"><span style=\"font-size: medium;\"><span style=\"color: #000000;\"><b><u>Medvode\u00a0<\/u><\/b><\/span>&#8211; koncerti LPZ Medvode<\/span><\/span><\/td>\n<\/tr>\n<tr>\n<td width=\"667\"><span style=\"font-family: Verdana, sans-serif;\"><span style=\"font-size: medium;\"><span style=\"color: #000000;\"><b><u>Metlika\u00a0<\/u><\/b><\/span>&#8211; prireditve ob Dnevih metli\u0161ke \u010drnine<\/span><\/span><\/td>\n<\/tr>\n<tr>\n<td bgcolor=\"#d2dbe3\" width=\"667\"><span style=\"font-family: Verdana, sans-serif;\"><span style=\"font-size: medium;\"><span style=\"color: #000000;\"><b><u>Nova Gorica\u00a0<\/u><\/b><\/span>&#8211; koncerti v Primorskem dramskem gledali\u0161\u010du ter v igralnici Perla<\/span><\/span><\/td>\n<\/tr>\n<tr>\n<td width=\"667\"><span style=\"font-family: Verdana, sans-serif;\"><span style=\"font-size: medium;\"><span style=\"color: #000000;\"><b><u>Novo mesto\u00a0<\/u><\/b><\/span>&#8211; narodno zabavni koncerti v KC Janez Trdina, seminar Joga v vsakdanjem \u017eivljenju v dvorani Leona \u0160tuklja<\/span><\/span><\/td>\n<\/tr>\n<tr>\n<td bgcolor=\"#d2dbe3\" width=\"667\"><span style=\"font-family: Verdana, sans-serif;\"><span style=\"font-size: medium;\"><span style=\"color: #000000;\"><b><u>Pivka\u00a0<\/u><\/b><\/span>&#8211; rock koncerti<\/span><\/span><\/td>\n<\/tr>\n<tr>\n<td width=\"667\"><span style=\"font-family: Verdana, sans-serif;\"><span style=\"font-size: medium;\"><span style=\"color: #000000;\"><b><u>Portoro\u017e\u00a0<\/u><\/b><\/span>&#8211; \u0161portne prireditve in koncerti v razli\u010dnih klubih in hotelih, seminarske prireditve<\/span><\/span><\/td>\n<\/tr>\n<tr>\n<td bgcolor=\"#d2dbe3\" width=\"667\"><span style=\"font-family: Verdana, sans-serif;\"><span style=\"font-size: medium;\"><span style=\"color: #000000;\"><b><u>Rade\u010de\u00a0<\/u><\/b><\/span>&#8211; rock koncerti<\/span><\/span><\/td>\n<\/tr>\n<tr>\n<td bgcolor=\"#d2dbe3\" width=\"667\"><span style=\"font-family: Verdana, sans-serif;\"><span style=\"font-size: medium;\"><span style=\"color: #000000;\"><b><u>\u0160entjernej\u00a0<\/u><\/b><\/span>&#8211; rock koncerti<\/span><\/span><\/td>\n<\/tr>\n<tr>\n<td bgcolor=\"#d2dbe3\" width=\"667\"><span style=\"font-family: Verdana, sans-serif;\"><span style=\"font-size: medium;\"><span style=\"color: #000000;\"><b><u>Radovljica\u00a0<\/u><\/b><\/span>&#8211; etno koncerti, koncerti ritmi\u010dne duhovne glasbe<\/span><\/span><\/td>\n<\/tr>\n<tr>\n<td width=\"667\"><span style=\"font-family: Verdana, sans-serif;\"><span style=\"font-size: medium;\"><span style=\"color: #000000;\"><b><u>\u0160kofja Loka\u00a0<\/u><\/b><\/span>&#8211; koncert pihalnega orkestra, prireditve na O\u0160<\/span><\/span><\/td>\n<\/tr>\n<tr>\n<td bgcolor=\"#d2dbe3\" width=\"667\"><span style=\"font-family: Verdana, sans-serif;\"><span style=\"font-size: medium;\"><span style=\"color: #000000;\"><b><u>\u0160martno pri Litiji\u00a0<\/u><\/b><\/span>&#8211; koncerti tambura\u0161kega orkestra, prireditve na O\u0160<\/span><\/span><\/td>\n<\/tr>\n<tr>\n<td width=\"667\"><span style=\"font-family: Verdana, sans-serif;\"><span style=\"font-size: medium;\"><span style=\"color: #000000;\"><b><u>Tolmin\u00a0<\/u><\/b><\/span>&#8211; koncert big banda, pevskih zborov in pihalnega orkestra, koncerti v \u0161portni dvorani in kino dvorani, rock in pop koncerti na prostem<\/span><\/span><\/td>\n<\/tr>\n<tr>\n<td bgcolor=\"#d2dbe3\" width=\"667\"><span style=\"font-family: Verdana, sans-serif;\"><span style=\"font-size: medium;\"><span style=\"color: #000000;\"><b><u>Tr\u017ei\u010d\u00a0<\/u><\/b><\/span>&#8211; pop koncerti<\/span><\/span><\/td>\n<\/tr>\n<tr>\n<td width=\"667\"><span style=\"font-family: Verdana, sans-serif;\"><span style=\"font-size: medium;\"><span style=\"color: #000000;\"><b><u>Vipava\u00a0<\/u><\/b><\/span>&#8211; etno koncerti<\/span><\/span><\/td>\n<\/tr>\n<tr>\n<td bgcolor=\"#d2dbe3\" width=\"667\"><span style=\"font-family: Verdana, sans-serif;\"><span style=\"font-size: medium;\"><span style=\"color: #000000;\"><b><u>Vrhnika\u00a0<\/u><\/b><\/span>&#8211; \u0161portne prireditve v \u0161portni dvorani<\/span><\/span><\/td>\n<\/tr>\n<tr>\n<td width=\"667\"><span style=\"font-family: Verdana, sans-serif;\"><span style=\"font-size: medium;\"><span style=\"color: #000000;\"><b><u>\u017delezniki\u00a0<\/u><\/b><\/span>&#8211;\u00a0<\/span><\/span><span style=\"font-family: Verdana, sans-serif;\"><span style=\"font-size: medium;\">ob\u010dinske prireditve s pevskimi zbori, gledali\u0161kimi in glasbenimi gosti, koncerti ritmi\u010dne duhovne glasbe<\/span><\/span><\/td>\n<\/tr>\n<tr>\n<td bgcolor=\"#d2dbe3\" width=\"667\"><span style=\"font-family: Verdana, sans-serif;\"><span style=\"font-size: medium;\"><span style=\"color: #000000;\"><b><u>\u017diri\u00a0<\/u><\/b><\/span>&#8211; kulturne<\/span><\/span><span style=\"font-family: Verdana, sans-serif;\"><span style=\"font-size: medium;\">\u00a0prireditve s pevskimi zbori, gledali\u0161kimi in glasbenimi gosti, rock koncerti, koncerti pihalnega orkestra<\/span><\/span><\/td>\n<\/tr>\n<\/tbody>\n<\/table>\n<p>&nbsp;<\/p>\n","protected":false},"excerpt":{"rendered":"<p>pinozvok@gmail.com Tukaj lahko izpolnite vpra\u0161alnik za informativno povpra\u0161evanje. Matja\u017e Slabe\u00a0 +386 41 64 33 11 Ajdov\u0161\u010dina\u00a0&#8211; prireditve Veseli december, Kud Trilek Col, MePZ Duri, 25. obletnica dru\u017ebe Pipistrel Bled &#8211; prireditve ob vesla\u0161ki regati, koncerti v Festivalni dvorani, Triatlon Bled Bohinj\u00a0&#8211; prireditve<\/p>\n<p class=\"link-more\"><a class=\"myButt \" href=\"https:\/\/www.pinozvok.modri.net\/?page_id=37\">Read More<\/a><\/p>\n","protected":false},"author":2,"featured_media":0,"parent":0,"menu_order":6,"comment_status":"closed","ping_status":"open","template":"","meta":{"footnotes":""},"class_list":["post-37","page","type-page","status-publish","hentry"],"jetpack_sharing_enabled":true,"_links":{"self":[{"href":"https:\/\/www.pinozvok.modri.net\/index.php?rest_route=\/wp\/v2\/pages\/37","targetHints":{"allow":["GET"]}}],"collection":[{"href":"https:\/\/www.pinozvok.modri.net\/index.php?rest_route=\/wp\/v2\/pages"}],"about":[{"href":"https:\/\/www.pinozvok.modri.net\/index.php?rest_route=\/wp\/v2\/types\/page"}],"author":[{"embeddable":true,"href":"https:\/\/www.pinozvok.modri.net\/index.php?rest_route=\/wp\/v2\/users\/2"}],"replies":[{"embeddable":true,"href":"https:\/\/www.pinozvok.modri.net\/index.php?rest_route=%2Fwp%2Fv2%2Fcomments&post=37"}],"version-history":[{"count":18,"href":"https:\/\/www.pinozvok.modri.net\/index.php?rest_route=\/wp\/v2\/pages\/37\/revisions"}],"predecessor-version":[{"id":509,"href":"https:\/\/www.pinozvok.modri.net\/index.php?rest_route=\/wp\/v2\/pages\/37\/revisions\/509"}],"wp:attachment":[{"href":"https:\/\/www.pinozvok.modri.net\/index.php?rest_route=%2Fwp%2Fv2%2Fmedia&parent=37"}],"curies":[{"name":"wp","href":"https:\/\/api.w.org\/{rel}","templated":true}]}}