{"id":251,"date":"2018-09-12T17:45:14","date_gmt":"2018-09-12T17:45:14","guid":{"rendered":"http:\/\/www.pinozvok.modri.net\/?page_id=251"},"modified":"2022-01-14T15:30:26","modified_gmt":"2022-01-14T15:30:26","slug":"servis","status":"publish","type":"page","link":"https:\/\/www.pinozvok.modri.net\/?page_id=251","title":{"rendered":"Servis"},"content":{"rendered":"<p>Mo\u017een je tudi dogovor za servis, monta\u017eo ali svetovanje v povezavi z Va\u0161im ozvo\u010denjem.<\/p>\n<p><img loading=\"lazy\" decoding=\"async\" class=\"alignnone size-full wp-image-255\" src=\"http:\/\/www.pinozvok.modri.net\/wp-content\/uploads\/2018\/09\/JBL-system.png\" alt=\"\" width=\"596\" height=\"514\" srcset=\"https:\/\/www.pinozvok.modri.net\/wp-content\/uploads\/2018\/09\/JBL-system.png 596w, https:\/\/www.pinozvok.modri.net\/wp-content\/uploads\/2018\/09\/JBL-system-300x259.png 300w, https:\/\/www.pinozvok.modri.net\/wp-content\/uploads\/2018\/09\/JBL-system-150x129.png 150w, https:\/\/www.pinozvok.modri.net\/wp-content\/uploads\/2018\/09\/JBL-system-174x150.png 174w\" sizes=\"auto, (max-width: 596px) 100vw, 596px\" \/><\/p>\n<h6><a href=\"http:\/\/www.pinozvok.modri.net\/wp-admin\"><strong>ADMIN<\/strong><\/a><\/h6>\n","protected":false},"excerpt":{"rendered":"<p>Mo\u017een je tudi dogovor za servis, monta\u017eo ali svetovanje v povezavi z Va\u0161im ozvo\u010denjem. ADMIN<\/p>\n","protected":false},"author":2,"featured_media":0,"parent":0,"menu_order":0,"comment_status":"closed","ping_status":"closed","template":"","meta":{"footnotes":""},"class_list":["post-251","page","type-page","status-publish","hentry"],"jetpack_sharing_enabled":true,"_links":{"self":[{"href":"https:\/\/www.pinozvok.modri.net\/index.php?rest_route=\/wp\/v2\/pages\/251","targetHints":{"allow":["GET"]}}],"collection":[{"href":"https:\/\/www.pinozvok.modri.net\/index.php?rest_route=\/wp\/v2\/pages"}],"about":[{"href":"https:\/\/www.pinozvok.modri.net\/index.php?rest_route=\/wp\/v2\/types\/page"}],"author":[{"embeddable":true,"href":"https:\/\/www.pinozvok.modri.net\/index.php?rest_route=\/wp\/v2\/users\/2"}],"replies":[{"embeddable":true,"href":"https:\/\/www.pinozvok.modri.net\/index.php?rest_route=%2Fwp%2Fv2%2Fcomments&post=251"}],"version-history":[{"count":4,"href":"https:\/\/www.pinozvok.modri.net\/index.php?rest_route=\/wp\/v2\/pages\/251\/revisions"}],"predecessor-version":[{"id":482,"href":"https:\/\/www.pinozvok.modri.net\/index.php?rest_route=\/wp\/v2\/pages\/251\/revisions\/482"}],"wp:attachment":[{"href":"https:\/\/www.pinozvok.modri.net\/index.php?rest_route=%2Fwp%2Fv2%2Fmedia&parent=251"}],"curies":[{"name":"wp","href":"https:\/\/api.w.org\/{rel}","templated":true}]}}