{"id":25,"date":"2013-01-23T13:59:16","date_gmt":"2013-01-23T13:59:16","guid":{"rendered":"http:\/\/pinozvok.partizanska.net\/?page_id=25"},"modified":"2022-01-14T15:48:15","modified_gmt":"2022-01-14T15:48:15","slug":"dogodki-z-raznovrstnimi-izvajalci","status":"publish","type":"page","link":"https:\/\/www.pinozvok.modri.net\/?page_id=25","title":{"rendered":"Dogodki z raznovrstnimi izvajalci"},"content":{"rendered":"<h3 style=\"text-align: center;\"><strong>Na\u0161e delovanje \u017ee od nekdaj sega na vsa podro\u010dja glasbe, od zborovske, orkestralne, preko jazza do razli\u010dnih oblik zabavne glasbe. Prav zaradi tega la\u017eje podpremo prireditve, kjer se sre\u010da ve\u010d raznovrstnih izvajalcev.<\/strong><\/h3>\n<h3 style=\"text-align: center;\"><strong>\u00a0<\/strong><\/h3>\n<h3 style=\"text-align: center;\"><strong>Verjamemo, da bomo lahko v pomo\u010d tudi vam, da bo izvedba va\u0161e prireditve gledalcem bli\u017eja.<\/strong><\/h3>\n<h3 style=\"text-align: center;\"><img loading=\"lazy\" decoding=\"async\" class=\"alignnone size-large wp-image-381\" src=\"http:\/\/www.pinozvok.modri.net\/wp-content\/uploads\/2022\/01\/2021-12-18-Oto-Logatec-2-1024x683.jpeg\" alt=\"\" width=\"640\" height=\"427\" srcset=\"https:\/\/www.pinozvok.modri.net\/wp-content\/uploads\/2022\/01\/2021-12-18-Oto-Logatec-2-1024x683.jpeg 1024w, https:\/\/www.pinozvok.modri.net\/wp-content\/uploads\/2022\/01\/2021-12-18-Oto-Logatec-2-300x200.jpeg 300w, https:\/\/www.pinozvok.modri.net\/wp-content\/uploads\/2022\/01\/2021-12-18-Oto-Logatec-2-768x512.jpeg 768w, https:\/\/www.pinozvok.modri.net\/wp-content\/uploads\/2022\/01\/2021-12-18-Oto-Logatec-2-150x100.jpeg 150w, https:\/\/www.pinozvok.modri.net\/wp-content\/uploads\/2022\/01\/2021-12-18-Oto-Logatec-2-225x150.jpeg 225w, https:\/\/www.pinozvok.modri.net\/wp-content\/uploads\/2022\/01\/2021-12-18-Oto-Logatec-2.jpeg 1763w\" sizes=\"auto, (max-width: 640px) 100vw, 640px\" \/><\/h3>\n<div><\/div>\n","protected":false},"excerpt":{"rendered":"<p>Na\u0161e delovanje \u017ee od nekdaj sega na vsa podro\u010dja glasbe, od zborovske, orkestralne, preko jazza do razli\u010dnih oblik zabavne glasbe. Prav zaradi tega la\u017eje podpremo prireditve, kjer se sre\u010da ve\u010d raznovrstnih izvajalcev. \u00a0 Verjamemo, da bomo lahko v pomo\u010d tudi vam, da<\/p>\n<p class=\"link-more\"><a class=\"myButt \" href=\"https:\/\/www.pinozvok.modri.net\/?page_id=25\">Read More<\/a><\/p>\n","protected":false},"author":2,"featured_media":0,"parent":0,"menu_order":4,"comment_status":"closed","ping_status":"open","template":"","meta":{"footnotes":""},"class_list":["post-25","page","type-page","status-publish","hentry"],"jetpack_sharing_enabled":true,"_links":{"self":[{"href":"https:\/\/www.pinozvok.modri.net\/index.php?rest_route=\/wp\/v2\/pages\/25","targetHints":{"allow":["GET"]}}],"collection":[{"href":"https:\/\/www.pinozvok.modri.net\/index.php?rest_route=\/wp\/v2\/pages"}],"about":[{"href":"https:\/\/www.pinozvok.modri.net\/index.php?rest_route=\/wp\/v2\/types\/page"}],"author":[{"embeddable":true,"href":"https:\/\/www.pinozvok.modri.net\/index.php?rest_route=\/wp\/v2\/users\/2"}],"replies":[{"embeddable":true,"href":"https:\/\/www.pinozvok.modri.net\/index.php?rest_route=%2Fwp%2Fv2%2Fcomments&post=25"}],"version-history":[{"count":14,"href":"https:\/\/www.pinozvok.modri.net\/index.php?rest_route=\/wp\/v2\/pages\/25\/revisions"}],"predecessor-version":[{"id":492,"href":"https:\/\/www.pinozvok.modri.net\/index.php?rest_route=\/wp\/v2\/pages\/25\/revisions\/492"}],"wp:attachment":[{"href":"https:\/\/www.pinozvok.modri.net\/index.php?rest_route=%2Fwp%2Fv2%2Fmedia&parent=25"}],"curies":[{"name":"wp","href":"https:\/\/api.w.org\/{rel}","templated":true}]}}