{"id":21,"date":"2013-01-23T13:56:55","date_gmt":"2013-01-23T13:56:55","guid":{"rendered":"http:\/\/pinozvok.partizanska.net\/?page_id=21"},"modified":"2022-01-14T15:47:04","modified_gmt":"2022-01-14T15:47:04","slug":"pevski-zbori","status":"publish","type":"page","link":"https:\/\/www.pinozvok.modri.net\/?page_id=21","title":{"rendered":"Pevski zbori, orkestri"},"content":{"rendered":"<p>&nbsp;<\/p>\n<h3 style=\"text-align: center;\">\u00a0 \u00a0<strong> \u00a0Pevski zbori, orkestri, snemanje.<\/strong><\/h3>\n<h3 style=\"text-align: center;\"><strong>\u00a0<\/strong><\/h3>\n<h3 style=\"text-align: center;\"><strong>Med na\u0161imi referencami boste na\u0161li razli\u010dne pevske zbore, razli\u010dne orkestre in druge zasedbe s katerimi stalno sodelujemo in tudi snemamo njihove nastope. Kvaliteten posnetek je v\u010dasih prijeten spomin, v\u010dasih pa napotek za nadaljne delo, v vsakem primeru pa neprecenljiv dokument \u010dasa.<\/strong><\/h3>\n<div style=\"text-align: center;\"><strong>\u00a0<\/strong><\/div>\n<div style=\"text-align: center;\"><img loading=\"lazy\" decoding=\"async\" class=\"alignnone wp-image-366\" src=\"http:\/\/www.pinozvok.modri.net\/wp-content\/uploads\/2022\/01\/2021-06-21-Musica-Viva-Tolmin-Facebook.jpeg\" alt=\"\" width=\"651\" height=\"488\" srcset=\"https:\/\/www.pinozvok.modri.net\/wp-content\/uploads\/2022\/01\/2021-06-21-Musica-Viva-Tolmin-Facebook.jpeg 960w, https:\/\/www.pinozvok.modri.net\/wp-content\/uploads\/2022\/01\/2021-06-21-Musica-Viva-Tolmin-Facebook-300x225.jpeg 300w, https:\/\/www.pinozvok.modri.net\/wp-content\/uploads\/2022\/01\/2021-06-21-Musica-Viva-Tolmin-Facebook-768x576.jpeg 768w, https:\/\/www.pinozvok.modri.net\/wp-content\/uploads\/2022\/01\/2021-06-21-Musica-Viva-Tolmin-Facebook-150x113.jpeg 150w, https:\/\/www.pinozvok.modri.net\/wp-content\/uploads\/2022\/01\/2021-06-21-Musica-Viva-Tolmin-Facebook-200x150.jpeg 200w\" sizes=\"auto, (max-width: 651px) 100vw, 651px\" \/><\/div>\n","protected":false},"excerpt":{"rendered":"<p>&nbsp; \u00a0 \u00a0 \u00a0Pevski zbori, orkestri, snemanje. \u00a0 Med na\u0161imi referencami boste na\u0161li razli\u010dne pevske zbore, razli\u010dne orkestre in druge zasedbe s katerimi stalno sodelujemo in tudi snemamo njihove nastope. Kvaliteten posnetek je v\u010dasih prijeten spomin, v\u010dasih pa napotek za nadaljne delo,<\/p>\n<p class=\"link-more\"><a class=\"myButt \" href=\"https:\/\/www.pinozvok.modri.net\/?page_id=21\">Read More<\/a><\/p>\n","protected":false},"author":2,"featured_media":0,"parent":0,"menu_order":3,"comment_status":"closed","ping_status":"open","template":"","meta":{"footnotes":""},"class_list":["post-21","page","type-page","status-publish","hentry"],"jetpack_sharing_enabled":true,"_links":{"self":[{"href":"https:\/\/www.pinozvok.modri.net\/index.php?rest_route=\/wp\/v2\/pages\/21","targetHints":{"allow":["GET"]}}],"collection":[{"href":"https:\/\/www.pinozvok.modri.net\/index.php?rest_route=\/wp\/v2\/pages"}],"about":[{"href":"https:\/\/www.pinozvok.modri.net\/index.php?rest_route=\/wp\/v2\/types\/page"}],"author":[{"embeddable":true,"href":"https:\/\/www.pinozvok.modri.net\/index.php?rest_route=\/wp\/v2\/users\/2"}],"replies":[{"embeddable":true,"href":"https:\/\/www.pinozvok.modri.net\/index.php?rest_route=%2Fwp%2Fv2%2Fcomments&post=21"}],"version-history":[{"count":13,"href":"https:\/\/www.pinozvok.modri.net\/index.php?rest_route=\/wp\/v2\/pages\/21\/revisions"}],"predecessor-version":[{"id":490,"href":"https:\/\/www.pinozvok.modri.net\/index.php?rest_route=\/wp\/v2\/pages\/21\/revisions\/490"}],"wp:attachment":[{"href":"https:\/\/www.pinozvok.modri.net\/index.php?rest_route=%2Fwp%2Fv2%2Fmedia&parent=21"}],"curies":[{"name":"wp","href":"https:\/\/api.w.org\/{rel}","templated":true}]}}