{"id":14,"date":"2013-01-23T13:52:07","date_gmt":"2013-01-23T13:52:07","guid":{"rendered":"http:\/\/pinozvok.partizanska.net\/?page_id=14"},"modified":"2019-02-13T08:54:57","modified_gmt":"2019-02-13T08:54:57","slug":"gledaliske-predstave","status":"publish","type":"page","link":"https:\/\/www.pinozvok.modri.net\/?page_id=14","title":{"rendered":"Scenske predstave"},"content":{"rendered":"<p style=\"text-align: center;\"><strong>Novost v na\u0161i ponudbi je Videowall, na katerem lahko prestavite svoje video posnetke, Powerpoint predstavitve ali samo slide sponzorjev.<\/strong><\/p>\n<p style=\"text-align: center;\"><strong>Naglavni mikrofoni in razsvetljava.<\/strong><\/p>\n<p style=\"text-align: center;\"><strong>V vsakem trenutku lahko opremimo igralce v va\u0161i predstavi s potrebnim \u0161tevilom brez\u017ei\u010dnih naglavnih mikrofonov, da se bo tudi \u0161epetanje sli\u0161alo po celem avditoriju.<\/strong><strong>\u00a0<\/strong><\/p>\n<p style=\"text-align: center;\"><strong>\u00a0Razsvetljavo prilagodimo va\u0161im \u017eeljam.<\/strong><strong>\u00a0<\/strong><\/p>\n<p style=\"text-align: center;\"><strong>Nenehno spremljamo tehni\u010dne novosti in se trudimo, da gremo v korak s trenutnimi novostmi v svetu, na podro\u010dju ozvo\u010devanja in osvetlitve.<\/strong><\/p>\n<div style=\"text-align: center;\"><\/div>\n<div style=\"text-align: center;\"><img loading=\"lazy\" decoding=\"async\" class=\"alignnone size-full wp-image-141\" src=\"http:\/\/pinozvok.modri.net\/wp-content\/uploads\/2015\/01\/Trilek-ozka-HD.jpg\" alt=\"Trilek ozka HD\" width=\"615\" height=\"215\" srcset=\"https:\/\/www.pinozvok.modri.net\/wp-content\/uploads\/2015\/01\/Trilek-ozka-HD.jpg 615w, https:\/\/www.pinozvok.modri.net\/wp-content\/uploads\/2015\/01\/Trilek-ozka-HD-300x105.jpg 300w, https:\/\/www.pinozvok.modri.net\/wp-content\/uploads\/2015\/01\/Trilek-ozka-HD-250x87.jpg 250w, https:\/\/www.pinozvok.modri.net\/wp-content\/uploads\/2015\/01\/Trilek-ozka-HD-150x52.jpg 150w\" sizes=\"auto, (max-width: 615px) 100vw, 615px\" \/><\/div>\n","protected":false},"excerpt":{"rendered":"<p>Novost v na\u0161i ponudbi je Videowall, na katerem lahko prestavite svoje video posnetke, Powerpoint predstavitve ali samo slide sponzorjev. Naglavni mikrofoni in razsvetljava. V vsakem trenutku lahko opremimo igralce v va\u0161i predstavi s potrebnim \u0161tevilom brez\u017ei\u010dnih naglavnih mikrofonov, da se bo tudi<\/p>\n<p class=\"link-more\"><a class=\"myButt \" href=\"https:\/\/www.pinozvok.modri.net\/?page_id=14\">Read More<\/a><\/p>\n","protected":false},"author":2,"featured_media":0,"parent":0,"menu_order":6,"comment_status":"closed","ping_status":"open","template":"","meta":{"footnotes":""},"class_list":["post-14","page","type-page","status-publish","hentry"],"jetpack_sharing_enabled":true,"_links":{"self":[{"href":"https:\/\/www.pinozvok.modri.net\/index.php?rest_route=\/wp\/v2\/pages\/14","targetHints":{"allow":["GET"]}}],"collection":[{"href":"https:\/\/www.pinozvok.modri.net\/index.php?rest_route=\/wp\/v2\/pages"}],"about":[{"href":"https:\/\/www.pinozvok.modri.net\/index.php?rest_route=\/wp\/v2\/types\/page"}],"author":[{"embeddable":true,"href":"https:\/\/www.pinozvok.modri.net\/index.php?rest_route=\/wp\/v2\/users\/2"}],"replies":[{"embeddable":true,"href":"https:\/\/www.pinozvok.modri.net\/index.php?rest_route=%2Fwp%2Fv2%2Fcomments&post=14"}],"version-history":[{"count":14,"href":"https:\/\/www.pinozvok.modri.net\/index.php?rest_route=\/wp\/v2\/pages\/14\/revisions"}],"predecessor-version":[{"id":290,"href":"https:\/\/www.pinozvok.modri.net\/index.php?rest_route=\/wp\/v2\/pages\/14\/revisions\/290"}],"wp:attachment":[{"href":"https:\/\/www.pinozvok.modri.net\/index.php?rest_route=%2Fwp%2Fv2%2Fmedia&parent=14"}],"curies":[{"name":"wp","href":"https:\/\/api.w.org\/{rel}","templated":true}]}}